{"id":954,"date":"2021-04-26T14:00:43","date_gmt":"2021-04-26T12:00:43","guid":{"rendered":"http:\/\/www.mr-mobile24.de\/?page_id=954"},"modified":"2021-08-05T12:28:56","modified_gmt":"2021-08-05T10:28:56","slug":"reparatur-service","status":"publish","type":"page","link":"https:\/\/www.mr-mobile24.de\/?page_id=954","title":{"rendered":"Reparatur Service"},"content":{"rendered":"<p>[et_pb_section fb_built=&#8221;1&#8243; _builder_version=&#8221;4.9.4&#8243; _module_preset=&#8221;default&#8221; background_image=&#8221;http:\/\/www.mr-mobile24.de\/wp-content\/uploads\/2021\/08\/4850037-scaled.jpg&#8221; background_position=&#8221;top_center&#8221; min_height=&#8221;50vh&#8221; hover_enabled=&#8221;0&#8243; title_text=&#8221;4850037&#8243; sticky_enabled=&#8221;0&#8243;][et_pb_row _builder_version=&#8221;4.9.4&#8243; _module_preset=&#8221;default&#8221; width_tablet=&#8221;&#8221; width_phone=&#8221;97%&#8221; width_last_edited=&#8221;on|phone&#8221; width__hover_enabled=&#8221;on|desktop&#8221;][et_pb_column type=&#8221;4_4&#8243; _builder_version=&#8221;4.9.4&#8243; _module_preset=&#8221;default&#8221;][et_pb_text _builder_version=&#8221;4.9.4&#8243; _module_preset=&#8221;9c60da3b-a92d-4c11-8ff9-0bc2ee5c09e5&#8243; custom_margin_tablet=&#8221;&#8221; custom_margin_phone=&#8221;||0px||false|false&#8221; custom_margin_last_edited=&#8221;on|phone&#8221; custom_padding_tablet=&#8221;&#8221; custom_padding_phone=&#8221;||0px||false|false&#8221; custom_padding_last_edited=&#8221;on|phone&#8221;]<\/p>\n<h1>Reparatur Service<\/h1>\n<p>[\/et_pb_text][et_pb_text _builder_version=&#8221;4.9.4&#8243; _module_preset=&#8221;default&#8221; header_font=&#8221;|800||on|||||&#8221; header_text_align=&#8221;center&#8221; header_text_color=&#8221;#E6772E&#8221; header_font_size=&#8221;50px&#8221; header_2_font=&#8221;|600|||||||&#8221; header_2_text_align=&#8221;center&#8221; header_2_text_color=&#8221;#5B5B5B&#8221;]<\/p>\n<h2>Kosteng\u00fcnstige Reparatur von Smartphones, Tablets und mehr<br \/>mit hochwertigem Zubeh\u00f6r.<\/h2>\n<p>[\/et_pb_text][\/et_pb_column][\/et_pb_row][et_pb_row column_structure=&#8221;1_2,1_2&#8243; custom_padding_last_edited=&#8221;on|phone&#8221; _builder_version=&#8221;4.9.4&#8243; _module_preset=&#8221;default&#8221; background_color=&#8221;#FFFFFF&#8221; width_tablet=&#8221;&#8221; width_phone=&#8221;97%&#8221; width_last_edited=&#8221;on|phone&#8221; custom_padding=&#8221;|5rem||5rem|false|true&#8221; custom_padding_tablet=&#8221;&#8221; custom_padding_phone=&#8221;|1rem||1rem|false|true&#8221; border_radii=&#8221;on|10px|10px|10px|10px&#8221; box_shadow_style=&#8221;preset1&#8243; width__hover_enabled=&#8221;on|desktop&#8221;][et_pb_column type=&#8221;1_2&#8243; _builder_version=&#8221;4.9.4&#8243; _module_preset=&#8221;default&#8221;][et_pb_text _builder_version=&#8221;4.9.4&#8243; _module_preset=&#8221;default&#8221; text_font=&#8221;||||||||&#8221; text_font_size=&#8221;16px&#8221; text_line_height=&#8221;2.2em&#8221;]<i class=\"far fa-gem\"><\/i>&nbsp;&nbsp;Glaswechsel f\u00fcr diverse Samsung und Apple Smartphones, Tablets &amp; Ipads<\/p>\n<p><i class=\"fas fa-mobile-alt\"><\/i>&nbsp;&nbsp;LCD-Displaywechsel (Kompletteinheit)<\/p>\n<p><i class=\"fas fa-bolt\"><\/i>&nbsp;&nbsp;Akku, Ladebuchsen-, und Flexkabelwechsel<\/p>\n<p><i class=\"far fa-circle\"><\/i>&nbsp;&nbsp;Homebuttonerneuerung<\/p>\n<p><i class=\"fas fa-volume-up\"><\/i>&nbsp;&nbsp;H\u00f6rmuschel- &amp; Lautsprechererneurung<\/p>\n<p><i class=\"fas fa-square\"><\/i>&nbsp;&nbsp;Backcover- \/ R\u00fcckseitenaustausch<\/p>\n<p><i class=\"fas fa-recycle\"><\/i>&nbsp;&nbsp;Softwarefehlerbehebung &amp; Updates[\/et_pb_text][\/et_pb_column][et_pb_column type=&#8221;1_2&#8243; _builder_version=&#8221;4.9.4&#8243; _module_preset=&#8221;default&#8221;][et_pb_image src=&#8221;http:\/\/www.mr-mobile24.de\/wp-content\/uploads\/2021\/04\/checking-voltage-mobile-device-scaled.jpg&#8221; title_text=&#8221;Checking Voltage in Mobile Device&#8221; _builder_version=&#8221;4.9.4&#8243; _module_preset=&#8221;default&#8221;][\/et_pb_image][et_pb_button button_text=&#8221;Kontakt&#8221; button_alignment=&#8221;center&#8221; _builder_version=&#8221;4.9.4&#8243; _module_preset=&#8221;002b72b9-73bf-4ccd-8af9-95630e27bfcb&#8221; button_border_color=&#8221;#000000&#8243; hover_enabled=&#8221;0&#8243; button_text_color=&#8221;#000000&#8243; button_url=&#8221;@ET-DC@eyJkeW5hbWljIjp0cnVlLCJjb250ZW50IjoicG9zdF9saW5rX3VybF9wYWdlIiwic2V0dGluZ3MiOnsicG9zdF9pZCI6Ijk2MCJ9fQ==@&#8221; _dynamic_attributes=&#8221;button_url&#8221; sticky_enabled=&#8221;0&#8243;][\/et_pb_button][\/et_pb_column][\/et_pb_row][et_pb_row _builder_version=&#8221;4.9.4&#8243; _module_preset=&#8221;default&#8221;][et_pb_column type=&#8221;4_4&#8243; _builder_version=&#8221;4.9.4&#8243; _module_preset=&#8221;default&#8221;][\/et_pb_column][\/et_pb_row][\/et_pb_section]<\/p>\n","protected":false},"excerpt":{"rendered":"<p>Reparatur ServiceKosteng\u00fcnstige Reparatur von Smartphones, Tablets und mehrmit hochwertigem Zubeh\u00f6r.&nbsp;&nbsp;Glaswechsel f\u00fcr diverse Samsung und Apple Smartphones, Tablets &amp; Ipads &nbsp;&nbsp;LCD-Displaywechsel (Kompletteinheit) &nbsp;&nbsp;Akku, Ladebuchsen-, und Flexkabelwechsel &nbsp;&nbsp;Homebuttonerneuerung &nbsp;&nbsp;H\u00f6rmuschel- &amp; Lautsprechererneurung &nbsp;&nbsp;Backcover- \/ R\u00fcckseitenaustausch &nbsp;&nbsp;Softwarefehlerbehebung &amp; Updates<\/p>\n","protected":false},"author":1,"featured_media":0,"parent":0,"menu_order":0,"comment_status":"closed","ping_status":"closed","template":"","meta":{"_et_pb_use_builder":"on","_et_pb_old_content":"<!-- wp:divi\/placeholder \/-->","_et_gb_content_width":"","footnotes":""},"class_list":["post-954","page","type-page","status-publish","hentry"],"_links":{"self":[{"href":"https:\/\/www.mr-mobile24.de\/index.php?rest_route=\/wp\/v2\/pages\/954","targetHints":{"allow":["GET"]}}],"collection":[{"href":"https:\/\/www.mr-mobile24.de\/index.php?rest_route=\/wp\/v2\/pages"}],"about":[{"href":"https:\/\/www.mr-mobile24.de\/index.php?rest_route=\/wp\/v2\/types\/page"}],"author":[{"embeddable":true,"href":"https:\/\/www.mr-mobile24.de\/index.php?rest_route=\/wp\/v2\/users\/1"}],"replies":[{"embeddable":true,"href":"https:\/\/www.mr-mobile24.de\/index.php?rest_route=%2Fwp%2Fv2%2Fcomments&post=954"}],"version-history":[{"count":22,"href":"https:\/\/www.mr-mobile24.de\/index.php?rest_route=\/wp\/v2\/pages\/954\/revisions"}],"predecessor-version":[{"id":1332,"href":"https:\/\/www.mr-mobile24.de\/index.php?rest_route=\/wp\/v2\/pages\/954\/revisions\/1332"}],"wp:attachment":[{"href":"https:\/\/www.mr-mobile24.de\/index.php?rest_route=%2Fwp%2Fv2%2Fmedia&parent=954"}],"curies":[{"name":"wp","href":"https:\/\/api.w.org\/{rel}","templated":true}]}}