{"id":1189,"date":"2021-05-04T13:32:38","date_gmt":"2021-05-04T11:32:38","guid":{"rendered":"https:\/\/www.mr-mobile24.de\/?page_id=1189"},"modified":"2021-08-05T12:32:59","modified_gmt":"2021-08-05T10:32:59","slug":"uber-uns","status":"publish","type":"page","link":"https:\/\/www.mr-mobile24.de\/?page_id=1189","title":{"rendered":"\u00dcber uns"},"content":{"rendered":"<p>[et_pb_section fb_built=&#8221;1&#8243; custom_padding_last_edited=&#8221;on|phone&#8221; _builder_version=&#8221;4.9.4&#8243; _module_preset=&#8221;default&#8221; background_image=&#8221;http:\/\/www.mr-mobile24.de\/wp-content\/uploads\/2021\/08\/4850037-scaled.jpg&#8221; background_position=&#8221;top_center&#8221; min_height=&#8221;50vh&#8221; custom_padding_tablet=&#8221;&#8221; custom_padding_phone=&#8221;0px||||false|false&#8221; hover_enabled=&#8221;0&#8243; title_text=&#8221;4850037&#8243; sticky_enabled=&#8221;0&#8243;][et_pb_row _builder_version=&#8221;4.9.4&#8243; _module_preset=&#8221;default&#8221; width_tablet=&#8221;&#8221; width_phone=&#8221;97%&#8221; width_last_edited=&#8221;on|phone&#8221; width__hover_enabled=&#8221;on|desktop&#8221;][et_pb_column type=&#8221;4_4&#8243; _builder_version=&#8221;4.9.4&#8243; _module_preset=&#8221;default&#8221;][et_pb_text _builder_version=&#8221;4.9.4&#8243; _module_preset=&#8221;9c60da3b-a92d-4c11-8ff9-0bc2ee5c09e5&#8243; custom_margin_tablet=&#8221;&#8221; custom_margin_phone=&#8221;||0px||false|false&#8221; custom_margin_last_edited=&#8221;on|phone&#8221; custom_padding_tablet=&#8221;&#8221; custom_padding_phone=&#8221;||0px||false|false&#8221; custom_padding_last_edited=&#8221;on|phone&#8221;]<\/p>\n<h1>Mr. Mobile24 &#8211;\u00a0 seit 14 jahren<\/h1>\n<p>[\/et_pb_text][\/et_pb_column][\/et_pb_row][et_pb_row custom_padding_last_edited=&#8221;on|phone&#8221; _builder_version=&#8221;4.9.4&#8243; _module_preset=&#8221;default&#8221; background_color=&#8221;#FFFFFF&#8221; width_tablet=&#8221;&#8221; width_phone=&#8221;97%&#8221; width_last_edited=&#8221;on|phone&#8221; custom_padding=&#8221;|5rem||5rem|false|true&#8221; custom_padding_tablet=&#8221;&#8221; custom_padding_phone=&#8221;|1rem||1rem|false|true&#8221; border_radii=&#8221;off|10px|10px||&#8221; box_shadow_style=&#8221;preset1&#8243;][et_pb_column type=&#8221;4_4&#8243; _builder_version=&#8221;4.9.4&#8243; _module_preset=&#8221;default&#8221;][et_pb_text _builder_version=&#8221;4.9.4&#8243; _module_preset=&#8221;default&#8221; header_font=&#8221;|800||on|||||&#8221; header_text_align=&#8221;left&#8221; header_text_color=&#8221;#E6772E&#8221; header_font_size=&#8221;50px&#8221; header_2_font=&#8221;|600|||||||&#8221; header_2_text_align=&#8221;center&#8221; header_2_text_color=&#8221;#5B5B5B&#8221;]<\/p>\n<h2>Ihre Zufriedenheit ist unsere Priorit\u00e4t!<\/h2>\n<p>[\/et_pb_text][et_pb_text _builder_version=&#8221;4.9.4&#8243; _module_preset=&#8221;default&#8221; text_font=&#8221;||||||||&#8221; text_line_height=&#8221;2.2em&#8221; text_orientation=&#8221;center&#8221;]<\/p>\n<p>Unser Unternehmen wurde bereits im Jahr 2007 gegr\u00fcndet.<br \/>Passend mit der Gr\u00fcndung unseres Unternehmens erschien die erste Iphone Generation. Seit dem besch\u00e4ftigen wir uns intensiv mit Hardware und Software Reparaturen sowie dem Verkauf von Ersatzteilen und Zubeh\u00f6r.<\/p>\n<p>[\/et_pb_text][\/et_pb_column][\/et_pb_row][et_pb_row custom_padding_last_edited=&#8221;on|phone&#8221; _builder_version=&#8221;4.9.4&#8243; _module_preset=&#8221;default&#8221; background_color=&#8221;#E6772E&#8221; width=&#8221;100%&#8221; max_width=&#8221;1920px&#8221; custom_padding_tablet=&#8221;&#8221; custom_padding_phone=&#8221;|1rem||1rem|false|true&#8221; locked=&#8221;off&#8221;][et_pb_column type=&#8221;4_4&#8243; _builder_version=&#8221;4.9.4&#8243; _module_preset=&#8221;default&#8221;][et_pb_text _builder_version=&#8221;4.9.4&#8243; _module_preset=&#8221;_initial&#8221; header_3_font=&#8221;|||on|||||&#8221; header_3_text_align=&#8221;center&#8221; header_3_text_color=&#8221;#FFFFFF&#8221;]<\/p>\n<h3>Wir beziehen unsere produkte direkt vom h\u00e4ndler um ihnen unn\u00f6tige kosten zu besparen!<\/h3>\n<p>[\/et_pb_text][\/et_pb_column][\/et_pb_row][et_pb_row column_structure=&#8221;1_2,1_2&#8243; custom_padding_last_edited=&#8221;on|phone&#8221; _builder_version=&#8221;4.9.4&#8243; _module_preset=&#8221;default&#8221; background_color=&#8221;#FFFFFF&#8221; width_tablet=&#8221;&#8221; width_phone=&#8221;97%&#8221; width_last_edited=&#8221;on|phone&#8221; custom_padding=&#8221;|5rem||5rem|false|true&#8221; custom_padding_tablet=&#8221;&#8221; custom_padding_phone=&#8221;|1rem||1rem|false|true&#8221; border_radii=&#8221;off|||10px|10px&#8221; box_shadow_style=&#8221;preset1&#8243; box_shadow_vertical=&#8221;18px&#8221; width__hover_enabled=&#8221;on|desktop&#8221;][et_pb_column type=&#8221;1_2&#8243; _builder_version=&#8221;4.9.4&#8243; _module_preset=&#8221;default&#8221;][et_pb_text _builder_version=&#8221;4.9.4&#8243; _module_preset=&#8221;default&#8221; text_font=&#8221;||||||||&#8221; text_line_height=&#8221;2.2em&#8221;]<\/p>\n<p>Zu Beginn wurden wir stets wegen Displayreparaturen aufgesucht, inzwischen bieten wir auch einen Rund um Smartphone Service an. Dies beinhaltet, dass wir Sie, Ihr Ladenlokal oder Ihr Unternehmen mit den gew\u00fcnschten Produkten beliefern. Ferner k\u00f6nnen Sie auch von unserer unkomplizierten Homepage Gebrauch machen und uns<strong> Ihre defekten Ger\u00e4te bequem zuschicken.<\/strong><\/p>\n<p>[\/et_pb_text][et_pb_text _builder_version=&#8221;4.9.4&#8243; _module_preset=&#8221;default&#8221; text_font=&#8221;||||||||&#8221; text_line_height=&#8221;2.2em&#8221;]<\/p>\n<p>Selbstverst\u00e4ndlich bieten wir auch Reparaturen f\u00fcr Samsung. Sony und HTC Modelle an. Unser Prinzip ist eine m\u00f6glichst schnelle und kosteng\u00fcnstige L\u00f6sung anzubieten.<\/p>\n<p>[\/et_pb_text][et_pb_text _builder_version=&#8221;4.9.4&#8243; _module_preset=&#8221;default&#8221; text_font=&#8221;||||||||&#8221; text_line_height=&#8221;2.2em&#8221;]<\/p>\n<p>Durch unser bestehendes Lagersystem mit \u00fcber 100 verschiedenen Ersatzteilen und Zubeh\u00f6rartikeln k\u00f6nnen wir Ihnen eine schnelle und unkomplizierte L\u00f6sung anbieten. In der Regel k\u00f6nnen wir so ALLE Apple Iphone Reparaturen <strong>innerhalb von wenigen Stunden<\/strong> f\u00fcr Sie durchf\u00fchren.<\/p>\n<p>[\/et_pb_text][\/et_pb_column][et_pb_column type=&#8221;1_2&#8243; _builder_version=&#8221;4.9.4&#8243; _module_preset=&#8221;default&#8221;][et_pb_image src=&#8221;http:\/\/www.mr-mobile24.de\/wp-content\/uploads\/2021\/08\/WhatsApp-Image-2021-08-05-at-11.23.11.jpeg&#8221; title_text=&#8221;WhatsApp Image 2021-08-05 at 11.23.11&#8243; _builder_version=&#8221;4.9.4&#8243; _module_preset=&#8221;default&#8221; hover_enabled=&#8221;0&#8243; sticky_enabled=&#8221;0&#8243;][\/et_pb_image][et_pb_button button_text=&#8221;Kontakt&#8221; button_alignment=&#8221;center&#8221; _builder_version=&#8221;4.9.4&#8243; _module_preset=&#8221;002b72b9-73bf-4ccd-8af9-95630e27bfcb&#8221;][\/et_pb_button][\/et_pb_column][\/et_pb_row][et_pb_row _builder_version=&#8221;4.9.4&#8243; _module_preset=&#8221;default&#8221;][et_pb_column type=&#8221;4_4&#8243; _builder_version=&#8221;4.9.4&#8243; _module_preset=&#8221;default&#8221;][\/et_pb_column][\/et_pb_row][\/et_pb_section]<\/p>\n","protected":false},"excerpt":{"rendered":"<p>Mr. Mobile24 &#8211;\u00a0 seit 14 jahrenIhre Zufriedenheit ist unsere Priorit\u00e4t!Unser Unternehmen wurde bereits im Jahr 2007 gegr\u00fcndet.Passend mit der Gr\u00fcndung unseres Unternehmens erschien die erste Iphone Generation. Seit dem besch\u00e4ftigen wir uns intensiv mit Hardware und Software Reparaturen sowie dem Verkauf von Ersatzteilen und Zubeh\u00f6r.Wir beziehen unsere produkte direkt vom h\u00e4ndler um ihnen unn\u00f6tige kosten [&hellip;]<\/p>\n","protected":false},"author":1,"featured_media":0,"parent":0,"menu_order":0,"comment_status":"closed","ping_status":"closed","template":"","meta":{"_et_pb_use_builder":"on","_et_pb_old_content":"","_et_gb_content_width":"","footnotes":""},"class_list":["post-1189","page","type-page","status-publish","hentry"],"_links":{"self":[{"href":"https:\/\/www.mr-mobile24.de\/index.php?rest_route=\/wp\/v2\/pages\/1189","targetHints":{"allow":["GET"]}}],"collection":[{"href":"https:\/\/www.mr-mobile24.de\/index.php?rest_route=\/wp\/v2\/pages"}],"about":[{"href":"https:\/\/www.mr-mobile24.de\/index.php?rest_route=\/wp\/v2\/types\/page"}],"author":[{"embeddable":true,"href":"https:\/\/www.mr-mobile24.de\/index.php?rest_route=\/wp\/v2\/users\/1"}],"replies":[{"embeddable":true,"href":"https:\/\/www.mr-mobile24.de\/index.php?rest_route=%2Fwp%2Fv2%2Fcomments&post=1189"}],"version-history":[{"count":19,"href":"https:\/\/www.mr-mobile24.de\/index.php?rest_route=\/wp\/v2\/pages\/1189\/revisions"}],"predecessor-version":[{"id":1338,"href":"https:\/\/www.mr-mobile24.de\/index.php?rest_route=\/wp\/v2\/pages\/1189\/revisions\/1338"}],"wp:attachment":[{"href":"https:\/\/www.mr-mobile24.de\/index.php?rest_route=%2Fwp%2Fv2%2Fmedia&parent=1189"}],"curies":[{"name":"wp","href":"https:\/\/api.w.org\/{rel}","templated":true}]}}